{"id":52,"date":"2020-02-25T15:16:32","date_gmt":"2020-02-25T15:16:32","guid":{"rendered":"https:\/\/www.vistaprint.de\/hub\/?page_id=52"},"modified":"2025-06-10T10:13:53","modified_gmt":"2025-06-10T10:13:53","slug":"home","status":"publish","type":"page","link":"https:\/\/www.vistaprint.de\/hub\/","title":{"rendered":"Home"},"content":{"rendered":"","protected":false},"excerpt":{"rendered":"","protected":false},"author":1,"featured_media":0,"parent":0,"menu_order":0,"comment_status":"closed","ping_status":"closed","template":"page-home.php","meta":{"_acf_changed":false,"_seopress_robots_primary_cat":"","_seopress_titles_title":"Blog f\u00fcr Kleinunternehmen: Ideen & Tipps von Experten | VistaPrint","_seopress_titles_desc":"Sie suchen Marketingideen f\u00fcr Ihr Kleinunternehmen? Im Blog von VistaPrint finden Sie Tipps f\u00fcr Marketing, Werbung und professionelles Branding. Lassen Sie sich inspirieren von vielz\u00e4hligen Ideen und den Erfolgsgeschichten anderer Kleinunternehmen.","_seopress_robots_index":"","_cloudinary_featured_overwrite":false,"editor_notices":[],"footnotes":""},"class_list":["post-52","page","type-page","status-publish","hentry"],"acf":{"vp_publishing_settings_post_modified":false},"_links":{"self":[{"href":"https:\/\/www.vistaprint.de\/hub\/wp-json\/wp\/v2\/pages\/52","targetHints":{"allow":["GET"]}}],"collection":[{"href":"https:\/\/www.vistaprint.de\/hub\/wp-json\/wp\/v2\/pages"}],"about":[{"href":"https:\/\/www.vistaprint.de\/hub\/wp-json\/wp\/v2\/types\/page"}],"author":[{"embeddable":true,"href":"https:\/\/www.vistaprint.de\/hub\/wp-json\/wp\/v2\/users\/1"}],"replies":[{"embeddable":true,"href":"https:\/\/www.vistaprint.de\/hub\/wp-json\/wp\/v2\/comments?post=52"}],"version-history":[{"count":4,"href":"https:\/\/www.vistaprint.de\/hub\/wp-json\/wp\/v2\/pages\/52\/revisions"}],"predecessor-version":[{"id":279509,"href":"https:\/\/www.vistaprint.de\/hub\/wp-json\/wp\/v2\/pages\/52\/revisions\/279509"}],"wp:attachment":[{"href":"https:\/\/www.vistaprint.de\/hub\/wp-json\/wp\/v2\/media?parent=52"}],"curies":[{"name":"wp","href":"https:\/\/api.w.org\/{rel}","templated":true}]}}